{"id":1007,"date":"2024-11-27T00:00:16","date_gmt":"2024-11-27T00:00:16","guid":{"rendered":"https:\/\/heda-project.eu\/?page_id=1007"},"modified":"2024-11-27T14:48:14","modified_gmt":"2024-11-27T14:48:14","slug":"case-studies","status":"publish","type":"page","link":"https:\/\/heda-project.eu\/index.php\/case-studies\/","title":{"rendered":"Case Studies"},"content":{"rendered":"\n<p>HEDA project has created a series of educational scenarios in order to support the teachers that would like to implement the method. These educational scenarios are practical examples of implementation of the method that are used in order to introduce teachers in the concept of the method and inspire them to do something similar. They have been created by the project partners and by the teachers during the implementation phase. They use a variety of works of art including litterature, poetry, music, painting, photography.<\/p>\n\n\n\n<p>A list of these case studies is presented below:<\/p>\n\n\n\n<p><strong><a href=\"https:\/\/heda-project.eu\/index.php\/he-who-says-yes-he-who-say-no\/\">HE WHO SAYS YES \/ HE WHO SAYS NO:<\/a><\/strong> Educational Scenario based on the short play by Bertolt Brecht. It\u2019s about the right to individual freedom and decision. Relation between individual and collective needs. Conservatisms\/traditionalism in democratic society.<\/p>\n\n\n\n<p><strong><a href=\"https:\/\/heda-project.eu\/index.php\/gangstas-paradise\/\">Gangsta\u2019s Paradise:<\/a><\/strong> Educational Scenario based on the song by Coolio. The Educational Scenatio is addressing the issues of structural and systemic racism, Laws of the street vs Rule of Law<\/p>\n\n\n\n<p><strong><a href=\"https:\/\/heda-project.eu\/index.php\/eyland\/\">Eyland:<\/a><\/strong> Educational Scenario based on the noveel by Sigr\u00ed\u00f0ur Hagal\u00edn. The scenario focuses on self-sustainability and how dependent our modern civilizations are on energy consumption for every aspect of our lives.<\/p>\n\n\n\n<p><strong><a href=\"https:\/\/heda-project.eu\/index.php\/standing-up-for-another-is-a-fight-for-ourselves\/\">STANDING UP FOR ANOTHER IS A FIGHT FOR OURSELVES:<\/a><\/strong> Educational scenario based on a photo from a contemporary unknown photographer from Iran. The focus of this educational scenario is on discrimination of women and women rights.<\/p>\n\n\n\n<p><strong><a href=\"https:\/\/heda-project.eu\/index.php\/the-hill-we-climb\/\">The Hill we Climb: <\/a><\/strong>Educational Scenario based on the poem Amanda Gorman. It focuses on the importance of the credibility of and participation in voting and elections (enfranchisement) in representative constitutional democracies<\/p>\n\n\n\n<p><strong><a href=\"https:\/\/heda-project.eu\/index.php\/the-right-to-be-happy\/\">The Right to be Happy:<\/a><\/strong> Educational Scenario based on two books and one graffiti by Banksy focusing on the issues of human rights, denied rights and denied childhood<\/p>\n\n\n\n<p><strong><a href=\"https:\/\/heda-project.eu\/index.php\/ophelia-and-the-hate-speech\/\">Ophelia and the Hate Speech:<\/a><\/strong> Educational Scenario based on \u201cHamlet\u201d by William Shakespeare and the painting &#8220;Ophelia&#8221; by Millais aiming to increase students&#8217; awareness of gender violence<\/p>\n\n\n\n<p><strong><a href=\"https:\/\/heda-project.eu\/index.php\/to-belong-grettis\/\">To Belong- Grettis:<\/a><\/strong> Educational Scenario focusing on the importance of belonging based on the old Icelandic saga of Grettis.<\/p>\n\n\n\n<p><strong><a href=\"https:\/\/heda-project.eu\/index.php\/freedom-a-right-and-a-duty\/\">Freedom, a Right and a Duty:<\/a><\/strong> Educational Scenario based on various works of art, mainly paintings, focusing at the end of Franco&#8217;s dictatorship in Spain and the return to democracy with the recovery of individuals&#8217; personal freedoms and their duties as citizens<\/p>\n\n\n\n<p><strong><a href=\"Medea: The refugee, the foreigner, the immigrant: Friend or Foe?\">Medea: The refugee, the foreigner, the immigrant: Friend or Foe?<\/a><\/strong> Educational Scenario based on the ancient Greek tragedy of Medea. It focuses on the issue of migration and how the host society is accepting migrants and refugees.<\/p>\n\n\n\n<p><\/p>\n","protected":false},"excerpt":{"rendered":"<p>HEDA project has created a series of educational scenarios in order to support the teachers that would like to implement the method. These educational scenarios are practical examples of implementation of the method that are used in order to introduce&#8230;<\/p>\n","protected":false},"author":1,"featured_media":0,"parent":0,"menu_order":0,"comment_status":"closed","ping_status":"closed","template":"","meta":{"footnotes":""},"class_list":["post-1007","page","type-page","status-publish","hentry"],"_links":{"self":[{"href":"https:\/\/heda-project.eu\/index.php\/wp-json\/wp\/v2\/pages\/1007","targetHints":{"allow":["GET"]}}],"collection":[{"href":"https:\/\/heda-project.eu\/index.php\/wp-json\/wp\/v2\/pages"}],"about":[{"href":"https:\/\/heda-project.eu\/index.php\/wp-json\/wp\/v2\/types\/page"}],"author":[{"embeddable":true,"href":"https:\/\/heda-project.eu\/index.php\/wp-json\/wp\/v2\/users\/1"}],"replies":[{"embeddable":true,"href":"https:\/\/heda-project.eu\/index.php\/wp-json\/wp\/v2\/comments?post=1007"}],"version-history":[{"count":4,"href":"https:\/\/heda-project.eu\/index.php\/wp-json\/wp\/v2\/pages\/1007\/revisions"}],"predecessor-version":[{"id":1060,"href":"https:\/\/heda-project.eu\/index.php\/wp-json\/wp\/v2\/pages\/1007\/revisions\/1060"}],"wp:attachment":[{"href":"https:\/\/heda-project.eu\/index.php\/wp-json\/wp\/v2\/media?parent=1007"}],"curies":[{"name":"wp","href":"https:\/\/api.w.org\/{rel}","templated":true}]}}